{"id":257,"date":"2021-05-24T15:56:16","date_gmt":"2021-05-24T15:56:16","guid":{"rendered":"https:\/\/relaislaghinghetta.it\/en\/?page_id=257"},"modified":"2021-09-27T13:09:46","modified_gmt":"2021-09-27T13:09:46","slug":"note-legali","status":"publish","type":"page","link":"https:\/\/relaislaghinghetta.it\/en\/note-legali\/","title":{"rendered":"Note Legali"},"content":{"rendered":"<p><section class=\"fusion-fullwidth fullwidth-box fusion-builder-row-1 fusion-flex-container hundred-percent-fullwidth non-hundred-percent-height-scrolling\" style=\"--awb-border-radius-top-left:0px;--awb-border-radius-top-right:0px;--awb-border-radius-bottom-right:0px;--awb-border-radius-bottom-left:0px;--awb-padding-right:0px;--awb-padding-left:0px;--awb-flex-wrap:wrap;\" id=\"section-top-image\" ><div class=\"fusion-builder-row fusion-row fusion-flex-align-items-flex-start fusion-flex-content-wrap\" style=\"width:calc( 100% + 0px ) !important;max-width:calc( 100% + 0px ) !important;margin-left: calc(-0px \/ 2 );margin-right: calc(-0px \/ 2 );\"><div class=\"fusion-layout-column fusion_builder_column fusion-builder-column-0 fusion_builder_column_1_1 1_1 fusion-flex-column\" style=\"--awb-bg-size:cover;--awb-width-large:100%;--awb-margin-top-large:0px;--awb-spacing-right-large:0px;--awb-margin-bottom-large:0px;--awb-spacing-left-large:0px;--awb-width-medium:100%;--awb-order-medium:0;--awb-spacing-right-medium:0px;--awb-spacing-left-medium:0px;--awb-width-small:100%;--awb-order-small:0;--awb-spacing-right-small:0px;--awb-spacing-left-small:0px;\"><div class=\"fusion-column-wrapper fusion-column-has-shadow fusion-flex-justify-content-flex-start fusion-content-layout-column\"><div class=\"fusion-text fusion-text-1\"><p><img decoding=\"async\" id=\"top-image\" class=\"\" src=\"https:\/\/relaislaghinghetta.it\/en\/wp-content\/uploads\/2021\/08\/la-ghinghetta-top.jpg\" alt=\"Note Legali\" \/><\/p>\n<\/div><\/div><\/div><\/div><\/section><section class=\"fusion-fullwidth fullwidth-box fusion-builder-row-2 fusion-flex-container nonhundred-percent-fullwidth non-hundred-percent-height-scrolling max-1080 section-title-page\" style=\"--awb-border-radius-top-left:0px;--awb-border-radius-top-right:0px;--awb-border-radius-bottom-right:0px;--awb-border-radius-bottom-left:0px;--awb-margin-top:0px;--awb-margin-bottom:0px;--awb-flex-wrap:wrap;\" ><div class=\"fusion-builder-row fusion-row fusion-flex-align-items-center fusion-flex-justify-content-center fusion-flex-content-wrap\" style=\"max-width:calc( 1300px + 0px );margin-left: calc(-0px \/ 2 );margin-right: calc(-0px \/ 2 );\"><div class=\"fusion-layout-column fusion_builder_column fusion-builder-column-1 fusion_builder_column_1_1 1_1 fusion-flex-column title-page-col\" style=\"--awb-bg-size:cover;--awb-width-large:100%;--awb-margin-top-large:20px;--awb-spacing-right-large:0px;--awb-margin-bottom-large:20px;--awb-spacing-left-large:0px;--awb-width-medium:100%;--awb-order-medium:0;--awb-spacing-right-medium:0px;--awb-spacing-left-medium:0px;--awb-width-small:100%;--awb-order-small:0;--awb-spacing-right-small:0px;--awb-spacing-left-small:0px;\"><div class=\"fusion-column-wrapper fusion-column-has-shadow fusion-flex-justify-content-center fusion-content-layout-column\"><div class=\"fusion-text fusion-text-2\"><h1 class=\"page-title-h1\">Terms and conditions<\/h1>\n<p><!--\n\n\n\n\n<h2 class=\"page-title-h2\">Colleziona momenti felici e fanne ricordi preziosi<\/h2>\n\n\n\n\n--><\/p>\n<\/div><\/div><\/div><\/div><\/section><section class=\"fusion-fullwidth fullwidth-box fusion-builder-row-3 fusion-flex-container nonhundred-percent-fullwidth non-hundred-percent-height-scrolling max-1080 section-margin-top\" style=\"--awb-border-radius-top-left:0px;--awb-border-radius-top-right:0px;--awb-border-radius-bottom-right:0px;--awb-border-radius-bottom-left:0px;--awb-padding-right:0px;--awb-padding-left:0px;--awb-flex-wrap:wrap;\" id=\"section-le-suite\" ><div class=\"fusion-builder-row fusion-row fusion-flex-align-items-stretch fusion-flex-justify-content-center fusion-flex-content-wrap\" style=\"max-width:calc( 1300px + 0px );margin-left: calc(-0px \/ 2 );margin-right: calc(-0px \/ 2 );\"><div class=\"fusion-layout-column fusion_builder_column fusion-builder-column-2 fusion_builder_column_1_1 1_1 fusion-flex-column colonne-contenitore-testo colonne-contenitore-testo-white\" style=\"--awb-padding-top:20px;--awb-padding-right:20px;--awb-padding-bottom:20px;--awb-padding-left:20px;--awb-bg-size:cover;--awb-width-large:100%;--awb-margin-top-large:0px;--awb-spacing-right-large:0px;--awb-margin-bottom-large:0px;--awb-spacing-left-large:0px;--awb-width-medium:100%;--awb-order-medium:0;--awb-spacing-right-medium:0px;--awb-spacing-left-medium:0px;--awb-width-small:100%;--awb-order-small:0;--awb-spacing-right-small:0px;--awb-spacing-left-small:0px;\"><div class=\"fusion-column-wrapper fusion-column-has-shadow fusion-flex-justify-content-center fusion-content-layout-column\"><div class=\"fusion-text fusion-text-3\"><div id=\"testo-legale-note-legali\">\n<p>Millennium service S.r.l. ha realizzato il sito www.relaislaghinghetta.it per dare agli utenti una visione completa dei propri servizi.L\u2019accesso, la consultazione e l\u2019utilizzo delle pagine del sito www.relaislaghinghetta.it indicato di seguito il \u201csito\u201d, comportano l\u2019accettazione, da parte dell\u2019utente, delle seguenti condizioni d\u2019uso.<\/p>\n<p>I contenuti del presente sito \u2013 comprensivi di dati, notizie, informazioni, immagini, grafici, disegni, marchi e nomi a dominio \u2013 sono di propriet\u00e0 di Millennium service S.r.l., se non diversamente indicato, coperti da copyright e dalla normativa in materia di propriet\u00e0 industriale.<br \/>\nAll\u2019utente non \u00e8 concessa alcuna licenza n\u00e9 diritto d\u2019uso e pertanto non \u00e8 consentito registrare tali contenuti \u2013 in tutto o in parte \u2013 su alcun tipo di supporto, riprodurli, copiarli, pubblicarli e utilizzarli a scopo commerciale senza preventiva autorizzazione scritta, salva la possibilit\u00e0 di farne copia per uso esclusivamente personale.<\/p>\n<p>Le informazioni contenute nel sito sono prodotte dalla Millennium service S.r.l. se non diversamente indicato. La societ\u00e0 ha la facolt\u00e0 di modificare, in qualsiasi momento, e a propria discrezione i contenuti e le modalit\u00e0 funzionali ed operative del sito, senza alcun preavviso.<br \/>\nMillennium service S.r.l. pone la massima attenzione e cura che le informazioni contenute nel sito rispondano a requisiti di attendibilit\u00e0, correttezza, accuratezza, completezza e attualit\u00e0. In ogni caso, la societ\u00e0 non assume e pertanto declina ogni e qualsiasi responsabilit\u00e0 per eventuali errori, inesattezze, mancanze ed omissioni rinvenibili nei contenuti pubblicati, derivino esse da errori materiali o refusi di stampa, imputazione dati, formattazione o scansionamento. Le medesime considerazioni valgono anche per i contenuti, accolti nel sito, prodotti da societ\u00e0 terze cui la societ\u00e0 si affida.<\/p>\n<p>Millennium service S.r.l. non \u00e8 in alcun modo responsabile del contenuto di qualsiasi altro sito web tramite il quale \u2013 attraverso un hyperlink \u2013 l\u2019utente abbia raggiunto il sito e di quello dei siti web accessibili \u2013 via hyperlink \u2013 dal sito medesimo, n\u00e9 per eventuali perdite o danni subiti dall\u2019utente per qualsiasi ragione in conseguenza dell\u2019accesso da parte del medesimo a siti web cui il sito sia collegato tramite hyperlink.<\/p>\n<p>Millennium service S.r.l. non \u00e8 responsabile della mancata fruizione del sito, del ritardo nell\u2019aggiornamento delle relative informazioni, n\u00e9 per i danni derivanti da eventuali interruzioni, sospensioni, ritardi o anomalie nel collegamento al sito dipendenti dalla fornitura di energia elettrica o dal servizio telefonico o da cattivo funzionamento della rete Internet oppure da ogni altra causa non dipendente dalla societ\u00e0.<\/p>\n<p>Per qualunque informazione o chiarimento l\u2019utente pu\u00f2 contattarci utilizzando il form presente nella sezione \u201c<a href=\"\/contatti\">contatti<\/a>\u201d del sito.<\/p>\n<\/div>\n<\/div><\/div><\/div><\/div><\/section><footer class=\"fusion-fullwidth fullwidth-box fusion-builder-row-4 fusion-flex-container hundred-percent-fullwidth non-hundred-percent-height-scrolling\" style=\"--awb-border-radius-top-left:0px;--awb-border-radius-top-right:0px;--awb-border-radius-bottom-right:0px;--awb-border-radius-bottom-left:0px;--awb-padding-top:30px;--awb-padding-right:0px;--awb-padding-left:0px;--awb-background-color:var(--awb-color5);--awb-flex-wrap:wrap;\" id=\"section-footer\" ><div class=\"fusion-builder-row fusion-row fusion-flex-align-items-flex-start fusion-flex-content-wrap\" style=\"width:calc( 100% + 0px ) !important;max-width:calc( 100% + 0px ) !important;margin-left: calc(-0px \/ 2 );margin-right: calc(-0px \/ 2 );\"><div class=\"fusion-layout-column fusion_builder_column fusion-builder-column-3 fusion_builder_column_1_1 1_1 fusion-flex-column\" style=\"--awb-bg-size:cover;--awb-width-large:100%;--awb-margin-top-large:20px;--awb-spacing-right-large:0px;--awb-margin-bottom-large:20px;--awb-spacing-left-large:0px;--awb-width-medium:100%;--awb-order-medium:0;--awb-spacing-right-medium:0px;--awb-spacing-left-medium:0px;--awb-width-small:100%;--awb-order-small:0;--awb-spacing-right-small:0px;--awb-spacing-left-small:0px;\"><div class=\"fusion-column-wrapper fusion-column-has-shadow fusion-flex-justify-content-flex-start fusion-content-layout-column\"><div class=\"fusion-image-element \" style=\"text-align:center;--awb-caption-title-font-family:var(--h2_typography-font-family);--awb-caption-title-font-weight:var(--h2_typography-font-weight);--awb-caption-title-font-style:var(--h2_typography-font-style);--awb-caption-title-size:var(--h2_typography-font-size);--awb-caption-title-transform:var(--h2_typography-text-transform);--awb-caption-title-line-height:var(--h2_typography-line-height);--awb-caption-title-letter-spacing:var(--h2_typography-letter-spacing);--awb-filter:invert(100%);--awb-filter-transition:filter 0.3s ease;--awb-filter-hover:invert(100%);\"><span class=\" fusion-imageframe imageframe-none imageframe-1 hover-type-none\"><img decoding=\"async\" width=\"200\" height=\"122\" alt=\"La Ghinghetta\" title=\"relais-la-ghinghetta-footer\" src=\"https:\/\/relaislaghinghetta.it\/en\/wp-content\/uploads\/2023\/02\/relais-la-ghinghetta-footer-200x122.png\" class=\"img-responsive wp-image-1003\" srcset=\"https:\/\/relaislaghinghetta.it\/en\/wp-content\/uploads\/2023\/02\/relais-la-ghinghetta-footer-200x122.png 200w, https:\/\/relaislaghinghetta.it\/en\/wp-content\/uploads\/2023\/02\/relais-la-ghinghetta-footer-400x244.png 400w, https:\/\/relaislaghinghetta.it\/en\/wp-content\/uploads\/2023\/02\/relais-la-ghinghetta-footer-600x366.png 600w, https:\/\/relaislaghinghetta.it\/en\/wp-content\/uploads\/2023\/02\/relais-la-ghinghetta-footer-800x489.png 800w, https:\/\/relaislaghinghetta.it\/en\/wp-content\/uploads\/2023\/02\/relais-la-ghinghetta-footer.png 958w\" sizes=\"(max-width: 766px) 100vw, 200px\" \/><\/span><\/div><div id=\"footer-section\" style=\"text-align: center;\">\n<p class=\"p-footer-social\">\n<a href=\"https:\/\/www.instagram.com\/relaislaghinghetta\/\" rel=\"noopener\" target=\"_blank\"><i class=\"fa fa-instagram\" aria-hidden=\"true\"><\/i><\/a>\n<a href=\"https:\/\/www.facebook.com\/relaislaghinghetta\" rel=\"noopener\" target=\"_blank\"><i class=\"fa fa-facebook\" aria-hidden=\"true\"><\/i><\/a>\n<a href=\"https:\/\/www.linkedin.com\/company\/relais-la-ghinghetta\/\" rel=\"nooper noopener\" target=\"_blank\">\n<i class=\"fa fa-linkedin\" aria-hidden=\"true\"><\/i><\/a><\/p>\n<p class=\"p-footer\">\u00a92021 Millennium service S.r.l. \u2013 P.I. 02549470926 \u2013 <a href=\"\/en\/privacy\">privacy<\/a>\u00a0\u2013\u00a0<a href=\"\/en\/cookie\">cookies<\/a>\u00a0\u2013\u00a0<a href=\"\/en\/note-legali\">Terms And Conditions<\/a>\u00a0\u2013\u00a0<a href=\"\/en\/trasparenza\">transparency<\/a> \u2013 <a href=\"\/en\/credits\" rel=\"noopener\">credits<\/a><\/p>\n<\/div><\/div><\/div><\/div><\/footer>\n<section class=\"fusion-fullwidth fullwidth-box fusion-builder-row-5 fusion-flex-container nonhundred-percent-fullwidth non-hundred-percent-height-scrolling cta-prenota\" style=\"--awb-border-radius-top-left:0px;--awb-border-radius-top-right:0px;--awb-border-radius-bottom-right:0px;--awb-border-radius-bottom-left:0px;--awb-padding-right:0px;--awb-padding-left:0px;--awb-flex-wrap:wrap;\" ><div class=\"fusion-builder-row fusion-row fusion-flex-align-items-flex-start fusion-flex-content-wrap\" style=\"max-width:calc( 1300px + 0px );margin-left: calc(-0px \/ 2 );margin-right: calc(-0px \/ 2 );\"><div class=\"fusion-layout-column fusion_builder_column fusion-builder-column-4 fusion_builder_column_1_1 1_1 fusion-flex-column\" style=\"--awb-bg-size:cover;--awb-width-large:100%;--awb-margin-top-large:0px;--awb-spacing-right-large:0px;--awb-margin-bottom-large:0px;--awb-spacing-left-large:0px;--awb-width-medium:100%;--awb-order-medium:0;--awb-spacing-right-medium:0px;--awb-spacing-left-medium:0px;--awb-width-small:100%;--awb-order-small:0;--awb-spacing-right-small:0px;--awb-spacing-left-small:0px;\"><div class=\"fusion-column-wrapper fusion-column-has-shadow fusion-flex-justify-content-flex-start fusion-content-layout-column\"><!-- SHOW ON MOBILE -->\n<div id=\"footer-cta-prenota\">\n<a href=\"https:\/\/relaislaghinghetta.beddy.io?lang=en\" id=\"btn-footer-prenota\" target=\"_blank\" rel=\"noopener\">BOOKING<\/a>\n<a href=\"tel:+3907811800733\" id=\"btn-footer-prenota-call\">\n<i class=\"fa fa-phone\" aria-hidden=\"true\"><\/i><\/a>\n<\/div><\/div><\/div><\/div><\/section>\n<\/p>\n","protected":false},"excerpt":{"rendered":"","protected":false},"author":1,"featured_media":594,"parent":0,"menu_order":0,"comment_status":"closed","ping_status":"open","template":"100-width.php","meta":{"footnotes":""},"class_list":["post-257","page","type-page","status-publish","has-post-thumbnail","hentry"],"_links":{"self":[{"href":"https:\/\/relaislaghinghetta.it\/en\/wp-json\/wp\/v2\/pages\/257","targetHints":{"allow":["GET"]}}],"collection":[{"href":"https:\/\/relaislaghinghetta.it\/en\/wp-json\/wp\/v2\/pages"}],"about":[{"href":"https:\/\/relaislaghinghetta.it\/en\/wp-json\/wp\/v2\/types\/page"}],"author":[{"embeddable":true,"href":"https:\/\/relaislaghinghetta.it\/en\/wp-json\/wp\/v2\/users\/1"}],"replies":[{"embeddable":true,"href":"https:\/\/relaislaghinghetta.it\/en\/wp-json\/wp\/v2\/comments?post=257"}],"version-history":[{"count":1,"href":"https:\/\/relaislaghinghetta.it\/en\/wp-json\/wp\/v2\/pages\/257\/revisions"}],"predecessor-version":[{"id":915,"href":"https:\/\/relaislaghinghetta.it\/en\/wp-json\/wp\/v2\/pages\/257\/revisions\/915"}],"wp:featuredmedia":[{"embeddable":true,"href":"https:\/\/relaislaghinghetta.it\/en\/wp-json\/wp\/v2\/media\/594"}],"wp:attachment":[{"href":"https:\/\/relaislaghinghetta.it\/en\/wp-json\/wp\/v2\/media?parent=257"}],"curies":[{"name":"wp","href":"https:\/\/api.w.org\/{rel}","templated":true}]}}